{"id":179,"date":"2016-10-13T13:28:59","date_gmt":"2016-10-13T11:28:59","guid":{"rendered":"http:\/\/www.twarowski.pl\/en\/?page_id=179"},"modified":"2016-10-14T13:05:27","modified_gmt":"2016-10-14T11:05:27","slug":"pawel-twarowski","status":"publish","type":"page","link":"https:\/\/www.twarowski.pl\/en\/pawel-twarowski\/","title":{"rendered":"PAWE\u0141 TWAROWSKI"},"content":{"rendered":"<h1><strong><img loading=\"lazy\" decoding=\"async\" class=\"wp-image-180 size-full alignleft\" src=\"https:\/\/www.twarowski.pl\/wp-content\/uploads\/sites\/2\/2016\/10\/PATRYCJA-MURAWSKA_02-1.jpg\" alt=\"patrycja-murawska_02\" width=\"422\" height=\"650\" srcset=\"https:\/\/www.twarowski.pl\/en\/wp-content\/uploads\/sites\/2\/2016\/10\/PATRYCJA-MURAWSKA_02-1.jpg 422w, https:\/\/www.twarowski.pl\/en\/wp-content\/uploads\/sites\/2\/2016\/10\/PATRYCJA-MURAWSKA_02-1-195x300.jpg 195w\" sizes=\"auto, (max-width: 422px) 100vw, 422px\" \/><\/strong>Pawe\u0142 Twarowski<\/h1>\n<p><strong>Adwokat<\/strong><\/p>\n<p>Zakresem jego zainteresowa\u0144 obj\u0119te jest g\u0142\u00f3wnie prawo cywilne i gospodarcze, chocia\u017c ma tak\u017ce do\u015bwiadczenie w sprawach z zakresu prawa karnego, reprezentuj\u0105c klient\u00f3w jako obro\u0144ca lub pe\u0142nomocnik pokrzywdzonego. Szczeg\u00f3ln\u0105 pasj\u0119 stanowi\u0105 dla niego sprawy zwi\u0105zane z nieruchomo\u015bciami \u2013 zar\u00f3wno zasiedzenia, zniesienia wsp\u00f3\u0142w\u0142asno\u015bci, jak i reprywatyzacja nieruchomo\u015bci wyw\u0142aszczonych lub odebranych na podstawie tzw. \u201eDekretu Bieruta\u201d, reformy rolnej PKWN czy przesiedle\u0144 powojennych (tzw. mienie zabu\u017ca\u0144skie). Swobodnie czuje si\u0119 tak\u017ce w szeroko poj\u0119tym prawie odszkodowawczym \u2013 poprzez sprawy o zado\u015b\u0107uczynienie i odszkodowanie za szkody osobowe (w tym za uszczerbek na zdrowiu \u2013 tak\u017ce w wyniku b\u0142\u0119du lekarskiego, b\u0105d\u017a za \u015bmier\u0107 osoby najbli\u017cszej), po sprawy ubezpiecze\u0144 maj\u0105tkowych i gospodarczych. Posiada kilkuletnie do\u015bwiadczenie w sta\u0142ej i bie\u017c\u0105cej obs\u0142udze przedsi\u0119biorc\u00f3w, przygotowuj\u0105c dla nich umowy, windykuj\u0105c nale\u017cno\u015bci i zajmuj\u0105c si\u0119 sprawami korporacyjnymi sp\u00f3\u0142ek handlowych.<\/p>\n<p>Posiada tak\u017ce szerokie do\u015bwiadczenie w reprezentacji klient\u00f3w przed s\u0105dami powszechnymi.<\/p>\n<p>Absolwent Wydzia\u0142u Prawa i Administracji Uniwersytetu Warszawskiego, uko\u0144czy\u0142 aplikacj\u0119 adwokack\u0105 przy Okr\u0119gowej Radzie Adwokackiej w Warszawie. Bardzo dobry wynik egzaminu adwokackiego pozwoli\u0142 mu otrzyma\u0107 wyr\u00f3\u017cnienie Dziekana Okr\u0119gowej Rady Adwokackiej w Warszawie.<\/p>\n<p>Pos\u0142uguje si\u0119 j\u0119zykiem angielskim.<\/p>\n<p>Uwielbia podr\u00f3\u017ce i dobr\u0105 muzyk\u0119.<\/p>\n","protected":false},"excerpt":{"rendered":"<p>Pawe\u0142 Twarowski Adwokat Zakresem jego zainteresowa\u0144 obj\u0119te jest g\u0142\u00f3wnie prawo cywilne i gospodarcze, chocia\u017c ma tak\u017ce do\u015bwiadczenie w sprawach z zakresu prawa karnego, reprezentuj\u0105c klient\u00f3w jako obro\u0144ca lub pe\u0142nomocnik pokrzywdzonego. Szczeg\u00f3ln\u0105 pasj\u0119 stanowi\u0105 dla niego sprawy zwi\u0105zane z nieruchomo\u015bciami \u2013 zar\u00f3wno zasiedzenia, zniesienia wsp\u00f3\u0142w\u0142asno\u015bci, jak i reprywatyzacja nieruchomo\u015bci wyw\u0142aszczonych lub odebranych na podstawie tzw. \u201eDekretu &hellip; <a href=\"https:\/\/www.twarowski.pl\/en\/pawel-twarowski\/\" class=\"more-link\">Continue reading <span class=\"screen-reader-text\">PAWE\u0141 TWAROWSKI<\/span> <span class=\"meta-nav\">&rarr;<\/span><\/a><\/p>\n","protected":false},"author":1,"featured_media":0,"parent":0,"menu_order":0,"comment_status":"closed","ping_status":"closed","template":"","meta":{"ngg_post_thumbnail":0,"footnotes":""},"class_list":["post-179","page","type-page","status-publish","hentry"],"_links":{"self":[{"href":"https:\/\/www.twarowski.pl\/en\/wp-json\/wp\/v2\/pages\/179","targetHints":{"allow":["GET"]}}],"collection":[{"href":"https:\/\/www.twarowski.pl\/en\/wp-json\/wp\/v2\/pages"}],"about":[{"href":"https:\/\/www.twarowski.pl\/en\/wp-json\/wp\/v2\/types\/page"}],"author":[{"embeddable":true,"href":"https:\/\/www.twarowski.pl\/en\/wp-json\/wp\/v2\/users\/1"}],"replies":[{"embeddable":true,"href":"https:\/\/www.twarowski.pl\/en\/wp-json\/wp\/v2\/comments?post=179"}],"version-history":[{"count":2,"href":"https:\/\/www.twarowski.pl\/en\/wp-json\/wp\/v2\/pages\/179\/revisions"}],"predecessor-version":[{"id":227,"href":"https:\/\/www.twarowski.pl\/en\/wp-json\/wp\/v2\/pages\/179\/revisions\/227"}],"wp:attachment":[{"href":"https:\/\/www.twarowski.pl\/en\/wp-json\/wp\/v2\/media?parent=179"}],"curies":[{"name":"wp","href":"https:\/\/api.w.org\/{rel}","templated":true}]}}