{"id":28,"date":"2015-05-26T10:55:16","date_gmt":"2015-05-26T08:55:16","guid":{"rendered":"http:\/\/www.twarowski.pl\/en\/?page_id=23"},"modified":"2016-10-13T13:14:22","modified_gmt":"2016-10-13T11:14:22","slug":"kancelaria","status":"publish","type":"page","link":"https:\/\/www.twarowski.pl\/en\/kancelaria\/","title":{"rendered":"Kancelaria"},"content":{"rendered":"<h2 style=\"text-align: left;\"><img loading=\"lazy\" decoding=\"async\" class=\"alignleft wp-image-159 size-full\" src=\"https:\/\/www.twarowski.pl\/wp-content\/uploads\/sites\/2\/2015\/05\/kancelaria_02.jpg\" alt=\"kancelaria_02\" width=\"422\" height=\"650\" srcset=\"https:\/\/www.twarowski.pl\/en\/wp-content\/uploads\/sites\/2\/2015\/05\/kancelaria_02.jpg 422w, https:\/\/www.twarowski.pl\/en\/wp-content\/uploads\/sites\/2\/2015\/05\/kancelaria_02-195x300.jpg 195w\" sizes=\"auto, (max-width: 422px) 100vw, 422px\" \/>Witamy na stronie internetowej Kancelarii Adwokacko &#8211; Radcowskiej TWAROWSKI.<\/h2>\n<p style=\"text-align: justify;\">\u0141\u0105czymy tradycj\u0119 i ponad 30-letnie do\u015bwiadczenie z pasj\u0105 i nowoczesnym podej\u015bcie do wykonywania zawod\u00f3w adwokata i radcy prawnego.<\/p>\n<p style=\"text-align: justify;\">Celem naszej Kancelarii jest zapewnienie Pa\u0144stwu pomocy prawnej na najwy\u017cszym poziomie.\u00a0Tak jak Ty rozumiemy, \u017ce pomoc prawna to nie tylko znajomo\u015b\u0107 przepis\u00f3w, ale te\u017c szybkie i czasem nietypowe dzia\u0142ania, kt\u00f3re pomog\u0105 osi\u0105gn\u0105\u0107 zadowalaj\u0105cy efekt.<\/p>\n<p style=\"text-align: justify;\">Oferujemy doradztwo i pomoc prawn\u0105 zar\u00f3wno dla przedsi\u0119biorc\u00f3w, jak i klient\u00f3w indywidualnych.<\/p>\n<p style=\"text-align: justify;\">We wszystkich prowadzonych sprawach dochowujemy dyskrecji i staranno\u015bci na najwy\u017cszym poziomie.\u00a0Proponujemy us\u0142ugi &#8220;skrojone na miar\u0119&#8221; Pa\u0144stwa potrzeb \u2013 udzielamy dora\u017anych porad prawnych, prowadzimy sta\u0142\u0105 obs\u0142ug\u0119 prawn\u0105 lub sprawy indywidualne. B\u0119dziemy Ci\u0119 reprezentowa\u0107 przed s\u0105dami i urz\u0119dami, a je\u017celi zajdzie taka potrzeba we\u017amiemy udzia\u0142 w negocjacjach.<\/p>\n<p style=\"text-align: justify;\">Szanujemy Tw\u00f3j czas, dlatego od razu zapraszamy do zapoznania si\u0119 z nasz\u0105 ofert\u0105.<\/p>\n<p style=\"text-align: justify;\">Zapraszamy te\u017c do kontaktu od poniedzia\u0142ku do pi\u0105tku w godzinach 9:00 \u2013 17:00<\/p>\n","protected":false},"excerpt":{"rendered":"<p>Witamy na stronie internetowej Kancelarii Adwokacko &#8211; Radcowskiej TWAROWSKI. \u0141\u0105czymy tradycj\u0119 i ponad 30-letnie do\u015bwiadczenie z pasj\u0105 i nowoczesnym podej\u015bcie do wykonywania zawod\u00f3w adwokata i radcy prawnego. Celem naszej Kancelarii jest zapewnienie Pa\u0144stwu pomocy prawnej na najwy\u017cszym poziomie.\u00a0Tak jak Ty rozumiemy, \u017ce pomoc prawna to nie tylko znajomo\u015b\u0107 przepis\u00f3w, ale te\u017c szybkie i czasem nietypowe &hellip; <a href=\"https:\/\/www.twarowski.pl\/en\/kancelaria\/\" class=\"more-link\">Continue reading <span class=\"screen-reader-text\">Kancelaria<\/span> <span class=\"meta-nav\">&rarr;<\/span><\/a><\/p>\n","protected":false},"author":1,"featured_media":0,"parent":0,"menu_order":0,"comment_status":"closed","ping_status":"closed","template":"","meta":{"ngg_post_thumbnail":0,"footnotes":""},"class_list":["post-28","page","type-page","status-publish","hentry"],"_links":{"self":[{"href":"https:\/\/www.twarowski.pl\/en\/wp-json\/wp\/v2\/pages\/28","targetHints":{"allow":["GET"]}}],"collection":[{"href":"https:\/\/www.twarowski.pl\/en\/wp-json\/wp\/v2\/pages"}],"about":[{"href":"https:\/\/www.twarowski.pl\/en\/wp-json\/wp\/v2\/types\/page"}],"author":[{"embeddable":true,"href":"https:\/\/www.twarowski.pl\/en\/wp-json\/wp\/v2\/users\/1"}],"replies":[{"embeddable":true,"href":"https:\/\/www.twarowski.pl\/en\/wp-json\/wp\/v2\/comments?post=28"}],"version-history":[{"count":5,"href":"https:\/\/www.twarowski.pl\/en\/wp-json\/wp\/v2\/pages\/28\/revisions"}],"predecessor-version":[{"id":162,"href":"https:\/\/www.twarowski.pl\/en\/wp-json\/wp\/v2\/pages\/28\/revisions\/162"}],"wp:attachment":[{"href":"https:\/\/www.twarowski.pl\/en\/wp-json\/wp\/v2\/media?parent=28"}],"curies":[{"name":"wp","href":"https:\/\/api.w.org\/{rel}","templated":true}]}}